{"id":2,"date":"2025-06-12T10:08:52","date_gmt":"2025-06-12T10:08:52","guid":{"rendered":"https:\/\/camperduke.rkinformatika.online\/?page_id=2"},"modified":"2025-06-19T10:26:21","modified_gmt":"2025-06-19T10:26:21","slug":"inicio","status":"publish","type":"page","link":"https:\/\/camperduke.com\/en\/","title":{"rendered":"Home"},"content":{"rendered":"<div data-elementor-type=\"wp-page\" data-elementor-id=\"2\" class=\"elementor elementor-2\" data-elementor-post-type=\"page\">\n\t\t\t\t<div class=\"elementor-element elementor-element-4db9049 e-flex e-con-boxed e-con e-parent\" data-id=\"4db9049\" data-element_type=\"container\" data-e-type=\"container\" data-settings=\"{&quot;background_background&quot;:&quot;classic&quot;}\">\n\t\t\t\t\t<div class=\"e-con-inner\">\n\t\t\t\t<div class=\"elementor-element elementor-element-72a9d11 elementor-widget__width-initial elementor-invisible elementor-widget elementor-widget-heading\" data-id=\"72a9d11\" data-element_type=\"widget\" data-e-type=\"widget\" data-settings=\"{&quot;_animation&quot;:&quot;fadeInLeft&quot;}\" data-widget_type=\"heading.default\">\n\t\t\t\t<div class=\"elementor-widget-container\">\n\t\t\t\t\t<h2 class=\"elementor-heading-title elementor-size-default\">Camper Duke<\/h2>\t\t\t\t<\/div>\n\t\t\t\t<\/div>\n\t\t\t\t<div class=\"elementor-element elementor-element-98e5494 elementor-widget__width-initial elementor-invisible elementor-widget elementor-widget-text-editor\" data-id=\"98e5494\" data-element_type=\"widget\" data-e-type=\"widget\" data-settings=\"{&quot;_animation&quot;:&quot;fadeInUp&quot;}\" data-widget_type=\"text-editor.default\">\n\t\t\t\t<div class=\"elementor-widget-container\">\n\t\t\t\t\t\t\t\t\t<p>Workshop, camper conversion, and sales.<\/p>\t\t\t\t\t\t\t\t<\/div>\n\t\t\t\t<\/div>\n\t\t\t\t\t<\/div>\n\t\t\t\t<\/div>\n\t\t<div class=\"elementor-element elementor-element-5e8efd2 e-flex e-con-boxed e-con e-parent\" data-id=\"5e8efd2\" data-element_type=\"container\" data-e-type=\"container\" data-settings=\"{&quot;background_background&quot;:&quot;classic&quot;}\">\n\t\t\t\t\t<div class=\"e-con-inner\">\n\t\t<div class=\"elementor-element elementor-element-60d08d7 e-con-full e-flex e-con e-child\" data-id=\"60d08d7\" data-element_type=\"container\" data-e-type=\"container\">\n\t\t\t\t<div class=\"elementor-element elementor-element-5947ccc elementor-widget elementor-widget-heading\" data-id=\"5947ccc\" data-element_type=\"widget\" data-e-type=\"widget\" data-widget_type=\"heading.default\">\n\t\t\t\t<div class=\"elementor-widget-container\">\n\t\t\t\t\t<h2 class=\"elementor-heading-title elementor-size-default\">About Us<\/h2>\t\t\t\t<\/div>\n\t\t\t\t<\/div>\n\t\t\t\t<div class=\"elementor-element elementor-element-6b978ca elementor-widget elementor-widget-text-editor\" data-id=\"6b978ca\" data-element_type=\"widget\" data-e-type=\"widget\" data-widget_type=\"text-editor.default\">\n\t\t\t\t<div class=\"elementor-widget-container\">\n\t\t\t\t\t\t\t\t\t<p>At Camper Duke, located in Utrera (Seville), we are a workshop specialized in camper van conversions, manufacturing, and sales of fully customized camper vans. Our passion is to turn each project into a unique experience, adapting to the ideas and needs of each client to design the perfect layout.<\/p><p>We offer a comprehensive service that covers everything from building from scratch to repairing breakdowns, with a special focus on carpentry, plumbing, and electrical work. Our qualified technical team ensures functional, safe, and professionally finished results.<\/p><p>Whether you're starting with an empty van or looking to transform your current vehicle, at Camper Duke we help you bring your on-the-road lifestyle to life.<\/p>\t\t\t\t\t\t\t\t<\/div>\n\t\t\t\t<\/div>\n\t\t\t\t<\/div>\n\t\t<div class=\"elementor-element elementor-element-5a8c1cd e-con-full e-flex e-con e-child\" data-id=\"5a8c1cd\" data-element_type=\"container\" data-e-type=\"container\">\n\t\t\t\t<div class=\"elementor-element elementor-element-3ef84ae elementor-arrows-position-inside elementor-widget elementor-widget-image-carousel\" data-id=\"3ef84ae\" data-element_type=\"widget\" data-e-type=\"widget\" data-settings=\"{&quot;slides_to_show&quot;:&quot;1&quot;,&quot;navigation&quot;:&quot;arrows&quot;,&quot;autoplay&quot;:&quot;yes&quot;,&quot;pause_on_hover&quot;:&quot;yes&quot;,&quot;pause_on_interaction&quot;:&quot;yes&quot;,&quot;autoplay_speed&quot;:5000,&quot;infinite&quot;:&quot;yes&quot;,&quot;effect&quot;:&quot;slide&quot;,&quot;speed&quot;:500}\" data-widget_type=\"image-carousel.default\">\n\t\t\t\t<div class=\"elementor-widget-container\">\n\t\t\t\t\t\t\t<div class=\"elementor-image-carousel-wrapper swiper\" role=\"region\" aria-roledescription=\"carousel\" aria-label=\"Carrusel de im\u00e1genes\" dir=\"ltr\">\n\t\t\t<div class=\"elementor-image-carousel swiper-wrapper\" aria-live=\"off\">\n\t\t\t\t\t\t\t\t<div class=\"swiper-slide\" role=\"group\" aria-roledescription=\"slide\" aria-label=\"1 de 8\"><figure class=\"swiper-slide-inner\"><img decoding=\"async\" class=\"swiper-slide-image\" src=\"https:\/\/camperduke.com\/wp-content\/uploads\/2025\/06\/SaveClip.App_316353378_884658139235620_4787167292891653244_n.jpg\" alt=\"SaveClip.App_316353378_884658139235620_4787167292891653244_n\" \/><\/figure><\/div><div class=\"swiper-slide\" role=\"group\" aria-roledescription=\"slide\" aria-label=\"2 de 8\"><figure class=\"swiper-slide-inner\"><img decoding=\"async\" class=\"swiper-slide-image\" src=\"https:\/\/camperduke.com\/wp-content\/uploads\/2025\/06\/SaveClip.App_316667366_1167521980830377_2434625646217880726_n.jpg\" alt=\"SaveClip.App_316667366_1167521980830377_2434625646217880726_n\" \/><\/figure><\/div><div class=\"swiper-slide\" role=\"group\" aria-roledescription=\"slide\" aria-label=\"3 de 8\"><figure class=\"swiper-slide-inner\"><img decoding=\"async\" class=\"swiper-slide-image\" src=\"https:\/\/camperduke.com\/wp-content\/uploads\/2025\/06\/SaveClip.App_316442126_1218268705422341_682744985714666163_n.jpg\" alt=\"SaveClip.App_316442126_1218268705422341_682744985714666163_n\" \/><\/figure><\/div><div class=\"swiper-slide\" role=\"group\" aria-roledescription=\"slide\" aria-label=\"4 de 8\"><figure class=\"swiper-slide-inner\"><img decoding=\"async\" class=\"swiper-slide-image\" src=\"https:\/\/camperduke.com\/wp-content\/uploads\/2025\/06\/SaveClip.App_316467822_939888600749226_2760811599322122913_n.jpg\" alt=\"SaveClip.App_316467822_939888600749226_2760811599322122913_n\" \/><\/figure><\/div><div class=\"swiper-slide\" role=\"group\" aria-roledescription=\"slide\" aria-label=\"5 de 8\"><figure class=\"swiper-slide-inner\"><img decoding=\"async\" class=\"swiper-slide-image\" src=\"https:\/\/camperduke.com\/wp-content\/uploads\/2025\/06\/SaveClip.App_316597720_1003252791066292_1122881435769482980_n.jpg\" alt=\"SaveClip.App_316597720_1003252791066292_1122881435769482980_n\" \/><\/figure><\/div><div class=\"swiper-slide\" role=\"group\" aria-roledescription=\"slide\" aria-label=\"6 de 8\"><figure class=\"swiper-slide-inner\"><img decoding=\"async\" class=\"swiper-slide-image\" src=\"https:\/\/camperduke.com\/wp-content\/uploads\/2025\/06\/SaveClip.App_316360127_868712244332039_2613451521736923934_n.jpg\" alt=\"SaveClip.App_316360127_868712244332039_2613451521736923934_n\" \/><\/figure><\/div><div class=\"swiper-slide\" role=\"group\" aria-roledescription=\"slide\" aria-label=\"7 de 8\"><figure class=\"swiper-slide-inner\"><img decoding=\"async\" class=\"swiper-slide-image\" src=\"https:\/\/camperduke.com\/wp-content\/uploads\/2025\/06\/SaveClip.App_316331552_133007596209198_5491676730014134172_n.jpg\" alt=\"SaveClip.App_316331552_133007596209198_5491676730014134172_n\" \/><\/figure><\/div><div class=\"swiper-slide\" role=\"group\" aria-roledescription=\"slide\" aria-label=\"8 de 8\"><figure class=\"swiper-slide-inner\"><img decoding=\"async\" class=\"swiper-slide-image\" src=\"https:\/\/camperduke.com\/wp-content\/uploads\/2025\/06\/SaveClip.App_316121836_1296708530899811_1156011446248910718_n.jpg\" alt=\"SaveClip.App_316121836_1296708530899811_1156011446248910718_n\" \/><\/figure><\/div>\t\t\t<\/div>\n\t\t\t\t\t\t\t\t\t\t\t\t<div class=\"elementor-swiper-button elementor-swiper-button-prev\" role=\"button\" tabindex=\"0\">\n\t\t\t\t\t\t<svg aria-hidden=\"true\" class=\"e-font-icon-svg e-eicon-chevron-left\" viewbox=\"0 0 1000 1000\" xmlns=\"http:\/\/www.w3.org\/2000\/svg\"><path d=\"M646 125C629 125 613 133 604 142L308 442C296 454 292 471 292 487 292 504 296 521 308 533L604 854C617 867 629 875 646 875 663 875 679 871 692 858 704 846 713 829 713 812 713 796 708 779 692 767L438 487 692 225C700 217 708 204 708 187 708 171 704 154 692 142 675 129 663 125 646 125Z\"><\/path><\/svg>\t\t\t\t\t<\/div>\n\t\t\t\t\t<div class=\"elementor-swiper-button elementor-swiper-button-next\" role=\"button\" tabindex=\"0\">\n\t\t\t\t\t\t<svg aria-hidden=\"true\" class=\"e-font-icon-svg e-eicon-chevron-right\" viewbox=\"0 0 1000 1000\" xmlns=\"http:\/\/www.w3.org\/2000\/svg\"><path d=\"M696 533C708 521 713 504 713 487 713 471 708 454 696 446L400 146C388 133 375 125 354 125 338 125 325 129 313 142 300 154 292 171 292 187 292 204 296 221 308 233L563 492 304 771C292 783 288 800 288 817 288 833 296 850 308 863 321 871 338 875 354 875 371 875 388 867 400 854L696 533Z\"><\/path><\/svg>\t\t\t\t\t<\/div>\n\t\t\t\t\n\t\t\t\t\t\t\t\t\t<\/div>\n\t\t\t\t\t\t<\/div>\n\t\t\t\t<\/div>\n\t\t\t\t<\/div>\n\t\t\t\t\t<\/div>\n\t\t\t\t<\/div>\n\t\t<div class=\"elementor-element elementor-element-d88405e e-con-full e-flex e-con e-parent\" data-id=\"d88405e\" data-element_type=\"container\" data-e-type=\"container\" data-settings=\"{&quot;background_background&quot;:&quot;classic&quot;}\">\n\t\t\t\t<div class=\"elementor-element elementor-element-563f99a elementor-cta--skin-cover elementor-cta--valign-middle elementor-animated-content elementor-bg-transform elementor-bg-transform-zoom-in elementor-widget elementor-widget-call-to-action\" data-id=\"563f99a\" data-element_type=\"widget\" data-e-type=\"widget\" data-widget_type=\"call-to-action.default\">\n\t\t\t\t<div class=\"elementor-widget-container\">\n\t\t\t\t\t\t\t<div class=\"elementor-cta\">\n\t\t\t\t\t<div class=\"elementor-cta__bg-wrapper\">\n\t\t\t\t<div class=\"elementor-cta__bg elementor-bg\" style=\"background-image: url(https:\/\/camperduke.com\/wp-content\/uploads\/2025\/06\/2149066242-1024x683.jpg);\" role=\"img\" aria-label=\"2149066242\"><\/div>\n\t\t\t\t<div class=\"elementor-cta__bg-overlay\"><\/div>\n\t\t\t<\/div>\n\t\t\t\t\t\t\t<div class=\"elementor-cta__content\">\n\t\t\t\t\n\t\t\t\t\t\t\t\t\t<h2 class=\"elementor-cta__title elementor-cta__content-item elementor-content-item elementor-animated-item--grow\">\n\t\t\t\t\t\tGot an idea? We make it happen.\t\t\t\t\t<\/h2>\n\t\t\t\t\n\t\t\t\t\t\t\t\t\t<div class=\"elementor-cta__description elementor-cta__content-item elementor-content-item elementor-animated-item--grow\">\n\t\t\t\t\t\tBuilt from scratch, with professional finishes in carpentry, plumbing, and electrical work.\t\t\t\t\t<\/div>\n\t\t\t\t\n\t\t\t\t\t\t\t\t\t<div class=\"elementor-cta__button-wrapper elementor-cta__content-item elementor-content-item elementor-animated-item--grow\">\n\t\t\t\t\t<a class=\"elementor-cta__button elementor-button elementor-size-\" href=\"https:\/\/camperduke.com\/en\/servicios\/\">\n\t\t\t\t\t\tServices\t\t\t\t\t<\/a>\n\t\t\t\t\t<\/div>\n\t\t\t\t\t\t\t<\/div>\n\t\t\t\t\t\t<\/div>\n\t\t\t\t\t\t<\/div>\n\t\t\t\t<\/div>\n\t\t\t\t<\/div>\n\t\t\t\t<\/div>","protected":false},"excerpt":{"rendered":"<p>Camper Duke Taller, camperizaci\u00f3n y venta Sobre Nosotros En Camper Duke, ubicados en Utrera (Sevilla), somos un taller especializado en camperizaci\u00f3n, fabricaci\u00f3n y venta de furgonetas camper totalmente personalizadas. Nuestra pasi\u00f3n es convertir cada proyecto en una experiencia \u00fanica, adapt\u00e1ndonos a las ideas y necesidades de cada cliente para dise\u00f1ar la distribuci\u00f3n perfecta. Ofrecemos un [&hellip;]<\/p>\n","protected":false},"author":1,"featured_media":0,"parent":0,"menu_order":0,"comment_status":"closed","ping_status":"closed","template":"elementor_canvas","meta":{"footnotes":""},"class_list":["post-2","page","type-page","status-publish","hentry"],"yoast_head":"<!-- This site is optimized with the Yoast SEO plugin v27.3 - https:\/\/yoast.com\/product\/yoast-seo-wordpress\/ -->\n<title>Inicio - Camper Duke<\/title>\n<meta name=\"robots\" content=\"index, follow, max-snippet:-1, max-image-preview:large, max-video-preview:-1\" \/>\n<link rel=\"canonical\" href=\"https:\/\/camperduke.com\/en\/\" \/>\n<meta property=\"og:locale\" content=\"en_GB\" \/>\n<meta property=\"og:type\" content=\"article\" \/>\n<meta property=\"og:title\" content=\"Inicio - Camper Duke\" \/>\n<meta property=\"og:description\" content=\"Camper Duke Taller, camperizaci\u00f3n y venta Sobre Nosotros En Camper Duke, ubicados en Utrera (Sevilla), somos un taller especializado en camperizaci\u00f3n, fabricaci\u00f3n y venta de furgonetas camper totalmente personalizadas. Nuestra pasi\u00f3n es convertir cada proyecto en una experiencia \u00fanica, adapt\u00e1ndonos a las ideas y necesidades de cada cliente para dise\u00f1ar la distribuci\u00f3n perfecta. Ofrecemos un [&hellip;]\" \/>\n<meta property=\"og:url\" content=\"https:\/\/camperduke.com\/en\/\" \/>\n<meta property=\"og:site_name\" content=\"Camper Duke\" \/>\n<meta property=\"article:modified_time\" content=\"2025-06-19T10:26:21+00:00\" \/>\n<meta property=\"og:image\" content=\"https:\/\/camperduke.com\/wp-content\/uploads\/2025\/06\/SaveClip.App_316353378_884658139235620_4787167292891653244_n.jpg\" \/>\n<meta name=\"twitter:card\" content=\"summary_large_image\" \/>\n<meta name=\"twitter:label1\" content=\"Estimated reading time\" \/>\n\t<meta name=\"twitter:data1\" content=\"3 minutes\" \/>\n<script type=\"application\/ld+json\" class=\"yoast-schema-graph\">{\"@context\":\"https:\\\/\\\/schema.org\",\"@graph\":[{\"@type\":\"WebPage\",\"@id\":\"https:\\\/\\\/camperduke.com\\\/\",\"url\":\"https:\\\/\\\/camperduke.com\\\/\",\"name\":\"Inicio - Camper Duke\",\"isPartOf\":{\"@id\":\"https:\\\/\\\/camperduke.com\\\/#website\"},\"primaryImageOfPage\":{\"@id\":\"https:\\\/\\\/camperduke.com\\\/#primaryimage\"},\"image\":{\"@id\":\"https:\\\/\\\/camperduke.com\\\/#primaryimage\"},\"thumbnailUrl\":\"https:\\\/\\\/camperduke.com\\\/wp-content\\\/uploads\\\/2025\\\/06\\\/SaveClip.App_316353378_884658139235620_4787167292891653244_n.jpg\",\"datePublished\":\"2025-06-12T10:08:52+00:00\",\"dateModified\":\"2025-06-19T10:26:21+00:00\",\"breadcrumb\":{\"@id\":\"https:\\\/\\\/camperduke.com\\\/#breadcrumb\"},\"inLanguage\":\"en-GB\",\"potentialAction\":[{\"@type\":\"ReadAction\",\"target\":[\"https:\\\/\\\/camperduke.com\\\/\"]}]},{\"@type\":\"ImageObject\",\"inLanguage\":\"en-GB\",\"@id\":\"https:\\\/\\\/camperduke.com\\\/#primaryimage\",\"url\":\"https:\\\/\\\/camperduke.com\\\/wp-content\\\/uploads\\\/2025\\\/06\\\/SaveClip.App_316353378_884658139235620_4787167292891653244_n.jpg\",\"contentUrl\":\"https:\\\/\\\/camperduke.com\\\/wp-content\\\/uploads\\\/2025\\\/06\\\/SaveClip.App_316353378_884658139235620_4787167292891653244_n.jpg\"},{\"@type\":\"BreadcrumbList\",\"@id\":\"https:\\\/\\\/camperduke.com\\\/#breadcrumb\",\"itemListElement\":[{\"@type\":\"ListItem\",\"position\":1,\"name\":\"Portada\",\"item\":\"https:\\\/\\\/camperduke.com\\\/\"},{\"@type\":\"ListItem\",\"position\":2,\"name\":\"Inicio\"}]},{\"@type\":\"WebSite\",\"@id\":\"https:\\\/\\\/camperduke.com\\\/#website\",\"url\":\"https:\\\/\\\/camperduke.com\\\/\",\"name\":\"Camper Duke\",\"description\":\"Taller, camperizacion y venta\",\"publisher\":{\"@id\":\"https:\\\/\\\/camperduke.com\\\/#organization\"},\"potentialAction\":[{\"@type\":\"SearchAction\",\"target\":{\"@type\":\"EntryPoint\",\"urlTemplate\":\"https:\\\/\\\/camperduke.com\\\/?s={search_term_string}\"},\"query-input\":{\"@type\":\"PropertyValueSpecification\",\"valueRequired\":true,\"valueName\":\"search_term_string\"}}],\"inLanguage\":\"en-GB\"},{\"@type\":\"Organization\",\"@id\":\"https:\\\/\\\/camperduke.com\\\/#organization\",\"name\":\"Camper Duke\",\"url\":\"https:\\\/\\\/camperduke.com\\\/\",\"logo\":{\"@type\":\"ImageObject\",\"inLanguage\":\"en-GB\",\"@id\":\"https:\\\/\\\/camperduke.com\\\/#\\\/schema\\\/logo\\\/image\\\/\",\"url\":\"https:\\\/\\\/camperduke.com\\\/wp-content\\\/uploads\\\/2025\\\/06\\\/cropped-logo.png\",\"contentUrl\":\"https:\\\/\\\/camperduke.com\\\/wp-content\\\/uploads\\\/2025\\\/06\\\/cropped-logo.png\",\"width\":1067,\"height\":474,\"caption\":\"Camper Duke\"},\"image\":{\"@id\":\"https:\\\/\\\/camperduke.com\\\/#\\\/schema\\\/logo\\\/image\\\/\"}}]}<\/script>\n<!-- \/ Yoast SEO plugin. -->","yoast_head_json":{"title":"Inicio - Camper Duke","robots":{"index":"index","follow":"follow","max-snippet":"max-snippet:-1","max-image-preview":"max-image-preview:large","max-video-preview":"max-video-preview:-1"},"canonical":"https:\/\/camperduke.com\/en\/","og_locale":"en_GB","og_type":"article","og_title":"Inicio - Camper Duke","og_description":"Camper Duke Taller, camperizaci\u00f3n y venta Sobre Nosotros En Camper Duke, ubicados en Utrera (Sevilla), somos un taller especializado en camperizaci\u00f3n, fabricaci\u00f3n y venta de furgonetas camper totalmente personalizadas. Nuestra pasi\u00f3n es convertir cada proyecto en una experiencia \u00fanica, adapt\u00e1ndonos a las ideas y necesidades de cada cliente para dise\u00f1ar la distribuci\u00f3n perfecta. Ofrecemos un [&hellip;]","og_url":"https:\/\/camperduke.com\/en\/","og_site_name":"Camper Duke","article_modified_time":"2025-06-19T10:26:21+00:00","og_image":[{"url":"https:\/\/camperduke.com\/wp-content\/uploads\/2025\/06\/SaveClip.App_316353378_884658139235620_4787167292891653244_n.jpg","type":"","width":"","height":""}],"twitter_card":"summary_large_image","twitter_misc":{"Estimated reading time":"3 minutes"},"schema":{"@context":"https:\/\/schema.org","@graph":[{"@type":"WebPage","@id":"https:\/\/camperduke.com\/","url":"https:\/\/camperduke.com\/","name":"Inicio - Camper Duke","isPartOf":{"@id":"https:\/\/camperduke.com\/#website"},"primaryImageOfPage":{"@id":"https:\/\/camperduke.com\/#primaryimage"},"image":{"@id":"https:\/\/camperduke.com\/#primaryimage"},"thumbnailUrl":"https:\/\/camperduke.com\/wp-content\/uploads\/2025\/06\/SaveClip.App_316353378_884658139235620_4787167292891653244_n.jpg","datePublished":"2025-06-12T10:08:52+00:00","dateModified":"2025-06-19T10:26:21+00:00","breadcrumb":{"@id":"https:\/\/camperduke.com\/#breadcrumb"},"inLanguage":"en-GB","potentialAction":[{"@type":"ReadAction","target":["https:\/\/camperduke.com\/"]}]},{"@type":"ImageObject","inLanguage":"en-GB","@id":"https:\/\/camperduke.com\/#primaryimage","url":"https:\/\/camperduke.com\/wp-content\/uploads\/2025\/06\/SaveClip.App_316353378_884658139235620_4787167292891653244_n.jpg","contentUrl":"https:\/\/camperduke.com\/wp-content\/uploads\/2025\/06\/SaveClip.App_316353378_884658139235620_4787167292891653244_n.jpg"},{"@type":"BreadcrumbList","@id":"https:\/\/camperduke.com\/#breadcrumb","itemListElement":[{"@type":"ListItem","position":1,"name":"Portada","item":"https:\/\/camperduke.com\/"},{"@type":"ListItem","position":2,"name":"Inicio"}]},{"@type":"WebSite","@id":"https:\/\/camperduke.com\/#website","url":"https:\/\/camperduke.com\/","name":"Camper Duke","description":"Taller, camperizacion y venta","publisher":{"@id":"https:\/\/camperduke.com\/#organization"},"potentialAction":[{"@type":"SearchAction","target":{"@type":"EntryPoint","urlTemplate":"https:\/\/camperduke.com\/?s={search_term_string}"},"query-input":{"@type":"PropertyValueSpecification","valueRequired":true,"valueName":"search_term_string"}}],"inLanguage":"en-GB"},{"@type":"Organization","@id":"https:\/\/camperduke.com\/#organization","name":"Camper Duke","url":"https:\/\/camperduke.com\/","logo":{"@type":"ImageObject","inLanguage":"en-GB","@id":"https:\/\/camperduke.com\/#\/schema\/logo\/image\/","url":"https:\/\/camperduke.com\/wp-content\/uploads\/2025\/06\/cropped-logo.png","contentUrl":"https:\/\/camperduke.com\/wp-content\/uploads\/2025\/06\/cropped-logo.png","width":1067,"height":474,"caption":"Camper Duke"},"image":{"@id":"https:\/\/camperduke.com\/#\/schema\/logo\/image\/"}}]}},"_links":{"self":[{"href":"https:\/\/camperduke.com\/en\/wp-json\/wp\/v2\/pages\/2","targetHints":{"allow":["GET"]}}],"collection":[{"href":"https:\/\/camperduke.com\/en\/wp-json\/wp\/v2\/pages"}],"about":[{"href":"https:\/\/camperduke.com\/en\/wp-json\/wp\/v2\/types\/page"}],"author":[{"embeddable":true,"href":"https:\/\/camperduke.com\/en\/wp-json\/wp\/v2\/users\/1"}],"replies":[{"embeddable":true,"href":"https:\/\/camperduke.com\/en\/wp-json\/wp\/v2\/comments?post=2"}],"version-history":[{"count":61,"href":"https:\/\/camperduke.com\/en\/wp-json\/wp\/v2\/pages\/2\/revisions"}],"predecessor-version":[{"id":281,"href":"https:\/\/camperduke.com\/en\/wp-json\/wp\/v2\/pages\/2\/revisions\/281"}],"wp:attachment":[{"href":"https:\/\/camperduke.com\/en\/wp-json\/wp\/v2\/media?parent=2"}],"curies":[{"name":"wp","href":"https:\/\/api.w.org\/{rel}","templated":true}]}}